{"id":7,"date":"2019-09-04T22:05:15","date_gmt":"2019-09-04T20:05:15","guid":{"rendered":"http:\/\/127.0.0.1\/?page_id=7"},"modified":"2024-01-02T21:31:38","modified_gmt":"2024-01-02T20:31:38","slug":"bienvenue-sur-mon-site","status":"publish","type":"page","link":"https:\/\/claudinemarichal.be\/?page_id=7","title":{"rendered":"Spiritualit\u00e9"},"content":{"rendered":"<p>Je partage dans cette rubrique quelques r\u00e9flexions sur le sens de la vie telle que je la comprends, des extraits de livres qui me parlent ainsi que trois exp\u00e9riences que j&rsquo;ai v\u00e9cues.<\/p>\n<p>J\u2019ai, comme beaucoup, pris un jour conscience que l\u2019humanit\u00e9 se meurt de peur, d\u2019\u00e9go\u00efsme, d\u2019ignorance et d\u2019endormissement et que je m\u2019\u00e9tais laiss\u00e9e emporter par le courant comme la plupart des \u00eatres humains. M\u00eame si j\u2019ai re\u00e7u une \u00e9ducation catholique qui m\u2019a indubitablement marqu\u00e9e, je n\u2019adh\u00e8re \u00e0 aucun courant religieux, sectaire ou philosophique. Je critique certaines de leurs doctrines et croyances avec virulence mais ne jette pas pour autant le b\u00e9b\u00e9 avec l\u2019eau du bain car j\u2019y puise en m\u00eame temps de nombreux enseignements.<\/p>\n<p>&nbsp;<\/p>\n<p><strong><span style=\"font-size: 20px;\">Mon essai<\/span><\/strong><\/p>\n<p>&lsquo;Le combat de l&rsquo;Amour\u00a0\u00bb, Edition Le Livre de Papier, 215 pages, 10 \u20ac -&gt; <a href=\"https:\/\/www.publier-un-livre.com\/fr\/le-livre-en-papier\/1544-le-combat-de-l-amour\">https:\/\/www.publier-un-livre.com\/fr\/le-livre-en-papier\/1544-le-combat-de-l-amour<\/a><\/p>\n<p><a href=\"https:\/\/www.publier-un-livre.com\/fr\/le-livre-en-papier\/1544-le-combat-de-l-amour\"><img loading=\"lazy\" decoding=\"async\" class=\"alignnone wp-image-1691 size-medium\" src=\"https:\/\/claudinemarichal.be\/wp-content\/uploads\/2020\/03\/Couverture-livre-223x300.jpg\" alt=\"\" width=\"223\" height=\"300\" srcset=\"https:\/\/claudinemarichal.be\/wp-content\/uploads\/2020\/03\/Couverture-livre-223x300.jpg 223w, https:\/\/claudinemarichal.be\/wp-content\/uploads\/2020\/03\/Couverture-livre.jpg 743w\" sizes=\"auto, (max-width: 223px) 100vw, 223px\" \/><\/a><\/p>\n<p>&nbsp;<\/p>\n<table style=\"border-collapse: collapse; width: 100%;\">\n<tbody>\n<tr>\n<td style=\"width: 33.3333%;\" colspan=\"3\"><span style=\"font-size: 20px;\"><strong>R\u00e9flexions personnelles<\/strong><\/span><\/td>\n<\/tr>\n<tr>\n<td style=\"width: 33.3333%;\"><a href=\"https:\/\/claudinemarichal.be\/?p=1471\"><img loading=\"lazy\" decoding=\"async\" class=\"alignnone size-medium wp-image-1528\" src=\"https:\/\/claudinemarichal.be\/wp-content\/uploads\/2019\/11\/Eloge-paresse-1-300x300.png\" alt=\"\" width=\"300\" height=\"300\" srcset=\"https:\/\/claudinemarichal.be\/wp-content\/uploads\/2019\/11\/Eloge-paresse-1-300x300.png 300w, https:\/\/claudinemarichal.be\/wp-content\/uploads\/2019\/11\/Eloge-paresse-1-150x150.png 150w, https:\/\/claudinemarichal.be\/wp-content\/uploads\/2019\/11\/Eloge-paresse-1-75x75.png 75w, https:\/\/claudinemarichal.be\/wp-content\/uploads\/2019\/11\/Eloge-paresse-1.png 500w\" sizes=\"auto, (max-width: 300px) 100vw, 300px\" \/><\/a><\/td>\n<td style=\"width: 33.3333%;\"><a href=\"https:\/\/claudinemarichal.be\/?p=185\"><img loading=\"lazy\" decoding=\"async\" class=\"alignnone size-medium wp-image-1535\" src=\"https:\/\/claudinemarichal.be\/wp-content\/uploads\/2019\/11\/Stress-1-300x300.png\" alt=\"\" width=\"300\" height=\"300\" srcset=\"https:\/\/claudinemarichal.be\/wp-content\/uploads\/2019\/11\/Stress-1-300x300.png 300w, https:\/\/claudinemarichal.be\/wp-content\/uploads\/2019\/11\/Stress-1-150x150.png 150w, https:\/\/claudinemarichal.be\/wp-content\/uploads\/2019\/11\/Stress-1-75x75.png 75w, https:\/\/claudinemarichal.be\/wp-content\/uploads\/2019\/11\/Stress-1.png 500w\" sizes=\"auto, (max-width: 300px) 100vw, 300px\" \/><\/a><\/td>\n<td style=\"width: 33.3333%;\"><a href=\"https:\/\/claudinemarichal.be\/?p=191\"><img loading=\"lazy\" decoding=\"async\" class=\"alignnone size-medium wp-image-1530\" src=\"https:\/\/claudinemarichal.be\/wp-content\/uploads\/2019\/11\/La-col\u00e8re-1-300x300.png\" alt=\"\" width=\"300\" height=\"300\" srcset=\"https:\/\/claudinemarichal.be\/wp-content\/uploads\/2019\/11\/La-col\u00e8re-1-300x300.png 300w, https:\/\/claudinemarichal.be\/wp-content\/uploads\/2019\/11\/La-col\u00e8re-1-150x150.png 150w, https:\/\/claudinemarichal.be\/wp-content\/uploads\/2019\/11\/La-col\u00e8re-1-75x75.png 75w, https:\/\/claudinemarichal.be\/wp-content\/uploads\/2019\/11\/La-col\u00e8re-1.png 500w\" sizes=\"auto, (max-width: 300px) 100vw, 300px\" \/><\/a><\/td>\n<\/tr>\n<tr>\n<td style=\"width: 33.3333%;\"><a href=\"https:\/\/claudinemarichal.be\/?p=193\"><img loading=\"lazy\" decoding=\"async\" class=\"alignnone size-medium wp-image-1533\" src=\"https:\/\/claudinemarichal.be\/wp-content\/uploads\/2019\/11\/Lamour-1-300x300.png\" alt=\"\" width=\"300\" height=\"300\" srcset=\"https:\/\/claudinemarichal.be\/wp-content\/uploads\/2019\/11\/Lamour-1-300x300.png 300w, https:\/\/claudinemarichal.be\/wp-content\/uploads\/2019\/11\/Lamour-1-150x150.png 150w, https:\/\/claudinemarichal.be\/wp-content\/uploads\/2019\/11\/Lamour-1-75x75.png 75w, https:\/\/claudinemarichal.be\/wp-content\/uploads\/2019\/11\/Lamour-1.png 500w\" sizes=\"auto, (max-width: 300px) 100vw, 300px\" \/><\/a><\/td>\n<td style=\"width: 33.3333%;\"><a href=\"https:\/\/claudinemarichal.be\/?p=195\"><img loading=\"lazy\" decoding=\"async\" class=\"alignnone size-medium wp-image-1532\" src=\"https:\/\/claudinemarichal.be\/wp-content\/uploads\/2019\/11\/La-sexualit\u00e9-1-300x300.png\" alt=\"\" width=\"300\" height=\"300\" srcset=\"https:\/\/claudinemarichal.be\/wp-content\/uploads\/2019\/11\/La-sexualit\u00e9-1-300x300.png 300w, https:\/\/claudinemarichal.be\/wp-content\/uploads\/2019\/11\/La-sexualit\u00e9-1-150x150.png 150w, https:\/\/claudinemarichal.be\/wp-content\/uploads\/2019\/11\/La-sexualit\u00e9-1-75x75.png 75w, https:\/\/claudinemarichal.be\/wp-content\/uploads\/2019\/11\/La-sexualit\u00e9-1.png 500w\" sizes=\"auto, (max-width: 300px) 100vw, 300px\" \/><\/a><\/td>\n<td style=\"width: 33.3333%;\"><a href=\"https:\/\/claudinemarichal.be\/?p=187\"><img loading=\"lazy\" decoding=\"async\" class=\"alignnone size-medium wp-image-1531\" src=\"https:\/\/claudinemarichal.be\/wp-content\/uploads\/2019\/11\/La-piti\u00e9-300x300.png\" alt=\"\" width=\"300\" height=\"300\" srcset=\"https:\/\/claudinemarichal.be\/wp-content\/uploads\/2019\/11\/La-piti\u00e9-300x300.png 300w, https:\/\/claudinemarichal.be\/wp-content\/uploads\/2019\/11\/La-piti\u00e9-150x150.png 150w, https:\/\/claudinemarichal.be\/wp-content\/uploads\/2019\/11\/La-piti\u00e9-75x75.png 75w, https:\/\/claudinemarichal.be\/wp-content\/uploads\/2019\/11\/La-piti\u00e9.png 500w\" sizes=\"auto, (max-width: 300px) 100vw, 300px\" \/><\/a><\/td>\n<\/tr>\n<tr>\n<td style=\"width: 33.3333%;\"><a href=\"https:\/\/claudinemarichal.be\/?p=189\"><img loading=\"lazy\" decoding=\"async\" class=\"alignnone size-medium wp-image-1529\" src=\"https:\/\/claudinemarichal.be\/wp-content\/uploads\/2019\/11\/\u00catre-victime-1-300x300.png\" alt=\"\" width=\"300\" height=\"300\" srcset=\"https:\/\/claudinemarichal.be\/wp-content\/uploads\/2019\/11\/\u00catre-victime-1-300x300.png 300w, https:\/\/claudinemarichal.be\/wp-content\/uploads\/2019\/11\/\u00catre-victime-1-150x150.png 150w, https:\/\/claudinemarichal.be\/wp-content\/uploads\/2019\/11\/\u00catre-victime-1-75x75.png 75w, https:\/\/claudinemarichal.be\/wp-content\/uploads\/2019\/11\/\u00catre-victime-1.png 500w\" sizes=\"auto, (max-width: 300px) 100vw, 300px\" \/><\/a><\/td>\n<td style=\"width: 33.3333%;\"><a href=\"https:\/\/claudinemarichal.be\/?p=318\"><img loading=\"lazy\" decoding=\"async\" class=\"alignnone size-medium wp-image-1534\" src=\"https:\/\/claudinemarichal.be\/wp-content\/uploads\/2019\/11\/Nous-et-nos-parents-1-300x300.png\" alt=\"\" width=\"300\" height=\"300\" srcset=\"https:\/\/claudinemarichal.be\/wp-content\/uploads\/2019\/11\/Nous-et-nos-parents-1-300x300.png 300w, https:\/\/claudinemarichal.be\/wp-content\/uploads\/2019\/11\/Nous-et-nos-parents-1-150x150.png 150w, https:\/\/claudinemarichal.be\/wp-content\/uploads\/2019\/11\/Nous-et-nos-parents-1-75x75.png 75w, https:\/\/claudinemarichal.be\/wp-content\/uploads\/2019\/11\/Nous-et-nos-parents-1.png 500w\" sizes=\"auto, (max-width: 300px) 100vw, 300px\" \/><\/a><\/td>\n<td style=\"width: 33.3333%;\">&nbsp;<\/td>\n<\/tr>\n<\/tbody>\n<\/table>\n<p>&nbsp;<\/p>\n<table style=\"border-collapse: collapse; width: 100%;\">\n<tbody>\n<tr>\n<td style=\"width: 33.3333%;\" colspan=\"3\"><span style=\"font-size: 20px;\"><strong>Textes choisis<\/strong><\/span><\/td>\n<\/tr>\n<tr>\n<td style=\"width: 33.3333%;\"><a href=\"https:\/\/claudinemarichal.be\/?p=923\"><img loading=\"lazy\" decoding=\"async\" class=\"alignnone size-medium wp-image-1541\" src=\"https:\/\/claudinemarichal.be\/wp-content\/uploads\/2019\/11\/Dieu-1-300x300.png\" alt=\"\" width=\"300\" height=\"300\" srcset=\"https:\/\/claudinemarichal.be\/wp-content\/uploads\/2019\/11\/Dieu-1-300x300.png 300w, https:\/\/claudinemarichal.be\/wp-content\/uploads\/2019\/11\/Dieu-1-150x150.png 150w, https:\/\/claudinemarichal.be\/wp-content\/uploads\/2019\/11\/Dieu-1-75x75.png 75w, https:\/\/claudinemarichal.be\/wp-content\/uploads\/2019\/11\/Dieu-1.png 500w\" sizes=\"auto, (max-width: 300px) 100vw, 300px\" \/><\/a><\/td>\n<td style=\"width: 33.3333%;\"><a href=\"https:\/\/claudinemarichal.be\/?p=941\"><img loading=\"lazy\" decoding=\"async\" class=\"alignnone size-medium wp-image-1543\" src=\"https:\/\/claudinemarichal.be\/wp-content\/uploads\/2019\/11\/LAmour-1-300x300.png\" alt=\"\" width=\"300\" height=\"300\" srcset=\"https:\/\/claudinemarichal.be\/wp-content\/uploads\/2019\/11\/LAmour-1-300x300.png 300w, https:\/\/claudinemarichal.be\/wp-content\/uploads\/2019\/11\/LAmour-1-150x150.png 150w, https:\/\/claudinemarichal.be\/wp-content\/uploads\/2019\/11\/LAmour-1-75x75.png 75w, https:\/\/claudinemarichal.be\/wp-content\/uploads\/2019\/11\/LAmour-1.png 500w\" sizes=\"auto, (max-width: 300px) 100vw, 300px\" \/><\/a><\/td>\n<td style=\"width: 33.3333%;\"><a href=\"https:\/\/claudinemarichal.be\/?p=957\"><img loading=\"lazy\" decoding=\"async\" class=\"alignnone size-medium wp-image-1554\" src=\"https:\/\/claudinemarichal.be\/wp-content\/uploads\/2019\/11\/Le-mensonge-des-religions-patriarcales-2-300x300.png\" alt=\"\" width=\"300\" height=\"300\" srcset=\"https:\/\/claudinemarichal.be\/wp-content\/uploads\/2019\/11\/Le-mensonge-des-religions-patriarcales-2-300x300.png 300w, https:\/\/claudinemarichal.be\/wp-content\/uploads\/2019\/11\/Le-mensonge-des-religions-patriarcales-2-150x150.png 150w, https:\/\/claudinemarichal.be\/wp-content\/uploads\/2019\/11\/Le-mensonge-des-religions-patriarcales-2-75x75.png 75w, https:\/\/claudinemarichal.be\/wp-content\/uploads\/2019\/11\/Le-mensonge-des-religions-patriarcales-2.png 500w\" sizes=\"auto, (max-width: 300px) 100vw, 300px\" \/><\/a><\/td>\n<\/tr>\n<tr>\n<td style=\"width: 33.3333%;\"><a href=\"https:\/\/claudinemarichal.be\/?p=966\"><img loading=\"lazy\" decoding=\"async\" class=\"alignnone size-medium wp-image-1549\" src=\"https:\/\/claudinemarichal.be\/wp-content\/uploads\/2019\/11\/Nos-origines-1-300x300.png\" alt=\"\" width=\"300\" height=\"300\" srcset=\"https:\/\/claudinemarichal.be\/wp-content\/uploads\/2019\/11\/Nos-origines-1-300x300.png 300w, https:\/\/claudinemarichal.be\/wp-content\/uploads\/2019\/11\/Nos-origines-1-150x150.png 150w, https:\/\/claudinemarichal.be\/wp-content\/uploads\/2019\/11\/Nos-origines-1-75x75.png 75w, https:\/\/claudinemarichal.be\/wp-content\/uploads\/2019\/11\/Nos-origines-1.png 500w\" sizes=\"auto, (max-width: 300px) 100vw, 300px\" \/><\/a><\/td>\n<td style=\"width: 33.3333%;\"><a href=\"https:\/\/claudinemarichal.be\/?p=975\"><img loading=\"lazy\" decoding=\"async\" class=\"alignnone size-medium wp-image-1547\" src=\"https:\/\/claudinemarichal.be\/wp-content\/uploads\/2019\/11\/Les-extra-terrestres-1-300x300.png\" alt=\"\" width=\"300\" height=\"300\" srcset=\"https:\/\/claudinemarichal.be\/wp-content\/uploads\/2019\/11\/Les-extra-terrestres-1-300x300.png 300w, https:\/\/claudinemarichal.be\/wp-content\/uploads\/2019\/11\/Les-extra-terrestres-1-150x150.png 150w, https:\/\/claudinemarichal.be\/wp-content\/uploads\/2019\/11\/Les-extra-terrestres-1-75x75.png 75w, https:\/\/claudinemarichal.be\/wp-content\/uploads\/2019\/11\/Les-extra-terrestres-1.png 500w\" sizes=\"auto, (max-width: 300px) 100vw, 300px\" \/><\/a><\/td>\n<td style=\"width: 33.3333%;\"><a href=\"https:\/\/claudinemarichal.be\/?p=986\"><img loading=\"lazy\" decoding=\"async\" class=\"alignnone size-medium wp-image-1550\" src=\"https:\/\/claudinemarichal.be\/wp-content\/uploads\/2019\/11\/Nous-sommes-manipul\u00e9s-1-300x300.png\" alt=\"\" width=\"300\" height=\"300\" srcset=\"https:\/\/claudinemarichal.be\/wp-content\/uploads\/2019\/11\/Nous-sommes-manipul\u00e9s-1-300x300.png 300w, https:\/\/claudinemarichal.be\/wp-content\/uploads\/2019\/11\/Nous-sommes-manipul\u00e9s-1-150x150.png 150w, https:\/\/claudinemarichal.be\/wp-content\/uploads\/2019\/11\/Nous-sommes-manipul\u00e9s-1-75x75.png 75w, https:\/\/claudinemarichal.be\/wp-content\/uploads\/2019\/11\/Nous-sommes-manipul\u00e9s-1.png 500w\" sizes=\"auto, (max-width: 300px) 100vw, 300px\" \/><\/a><\/td>\n<\/tr>\n<tr>\n<td style=\"width: 33.3333%;\"><a href=\"https:\/\/claudinemarichal.be\/?p=993\"><img loading=\"lazy\" decoding=\"async\" class=\"alignnone size-medium wp-image-1553\" src=\"https:\/\/claudinemarichal.be\/wp-content\/uploads\/2019\/11\/Vers-un-changement-vibratoire-1-300x300.png\" alt=\"\" width=\"300\" height=\"300\" srcset=\"https:\/\/claudinemarichal.be\/wp-content\/uploads\/2019\/11\/Vers-un-changement-vibratoire-1-300x300.png 300w, https:\/\/claudinemarichal.be\/wp-content\/uploads\/2019\/11\/Vers-un-changement-vibratoire-1-150x150.png 150w, https:\/\/claudinemarichal.be\/wp-content\/uploads\/2019\/11\/Vers-un-changement-vibratoire-1-75x75.png 75w, https:\/\/claudinemarichal.be\/wp-content\/uploads\/2019\/11\/Vers-un-changement-vibratoire-1.png 500w\" sizes=\"auto, (max-width: 300px) 100vw, 300px\" \/><\/a><\/td>\n<td style=\"width: 33.3333%;\"><a href=\"https:\/\/claudinemarichal.be\/?p=1013\"><img loading=\"lazy\" decoding=\"async\" class=\"alignnone size-medium wp-image-1552\" src=\"https:\/\/claudinemarichal.be\/wp-content\/uploads\/2019\/11\/Vers-dautres-\u00e9tats-de-conscience-1-300x300.png\" alt=\"\" width=\"300\" height=\"300\" srcset=\"https:\/\/claudinemarichal.be\/wp-content\/uploads\/2019\/11\/Vers-dautres-\u00e9tats-de-conscience-1-300x300.png 300w, https:\/\/claudinemarichal.be\/wp-content\/uploads\/2019\/11\/Vers-dautres-\u00e9tats-de-conscience-1-150x150.png 150w, https:\/\/claudinemarichal.be\/wp-content\/uploads\/2019\/11\/Vers-dautres-\u00e9tats-de-conscience-1-75x75.png 75w, https:\/\/claudinemarichal.be\/wp-content\/uploads\/2019\/11\/Vers-dautres-\u00e9tats-de-conscience-1.png 500w\" sizes=\"auto, (max-width: 300px) 100vw, 300px\" \/><\/a><\/td>\n<td style=\"width: 33.3333%;\"><a href=\"https:\/\/claudinemarichal.be\/?p=1028\"><img loading=\"lazy\" decoding=\"async\" class=\"alignnone size-medium wp-image-1542\" src=\"https:\/\/claudinemarichal.be\/wp-content\/uploads\/2019\/11\/La-mort-1-300x300.png\" alt=\"\" width=\"300\" height=\"300\" srcset=\"https:\/\/claudinemarichal.be\/wp-content\/uploads\/2019\/11\/La-mort-1-300x300.png 300w, https:\/\/claudinemarichal.be\/wp-content\/uploads\/2019\/11\/La-mort-1-150x150.png 150w, https:\/\/claudinemarichal.be\/wp-content\/uploads\/2019\/11\/La-mort-1-75x75.png 75w, https:\/\/claudinemarichal.be\/wp-content\/uploads\/2019\/11\/La-mort-1.png 500w\" sizes=\"auto, (max-width: 300px) 100vw, 300px\" \/><\/a><\/td>\n<\/tr>\n<tr>\n<td style=\"width: 33.3333%;\"><a href=\"https:\/\/claudinemarichal.be\/?p=1035\"><img loading=\"lazy\" decoding=\"async\" class=\"alignnone size-medium wp-image-1548\" src=\"https:\/\/claudinemarichal.be\/wp-content\/uploads\/2019\/11\/Les-maladies-lauto-gu\u00e9rison-1-300x300.png\" alt=\"\" width=\"300\" height=\"300\" srcset=\"https:\/\/claudinemarichal.be\/wp-content\/uploads\/2019\/11\/Les-maladies-lauto-gu\u00e9rison-1-300x300.png 300w, https:\/\/claudinemarichal.be\/wp-content\/uploads\/2019\/11\/Les-maladies-lauto-gu\u00e9rison-1-150x150.png 150w, https:\/\/claudinemarichal.be\/wp-content\/uploads\/2019\/11\/Les-maladies-lauto-gu\u00e9rison-1-75x75.png 75w, https:\/\/claudinemarichal.be\/wp-content\/uploads\/2019\/11\/Les-maladies-lauto-gu\u00e9rison-1.png 500w\" sizes=\"auto, (max-width: 300px) 100vw, 300px\" \/><\/a><\/td>\n<td style=\"width: 33.3333%;\"><a href=\"https:\/\/claudinemarichal.be\/?p=1043\"><img loading=\"lazy\" decoding=\"async\" class=\"alignnone size-medium wp-image-1546\" src=\"https:\/\/claudinemarichal.be\/wp-content\/uploads\/2019\/11\/Lentraide-le-partage-1-300x300.png\" alt=\"\" width=\"300\" height=\"300\" srcset=\"https:\/\/claudinemarichal.be\/wp-content\/uploads\/2019\/11\/Lentraide-le-partage-1-300x300.png 300w, https:\/\/claudinemarichal.be\/wp-content\/uploads\/2019\/11\/Lentraide-le-partage-1-150x150.png 150w, https:\/\/claudinemarichal.be\/wp-content\/uploads\/2019\/11\/Lentraide-le-partage-1-75x75.png 75w, https:\/\/claudinemarichal.be\/wp-content\/uploads\/2019\/11\/Lentraide-le-partage-1.png 500w\" sizes=\"auto, (max-width: 300px) 100vw, 300px\" \/><\/a><\/td>\n<td style=\"width: 33.3333%;\"><a href=\"https:\/\/claudinemarichal.be\/?p=1043\"><img loading=\"lazy\" decoding=\"async\" class=\"alignnone size-medium wp-image-1545\" src=\"https:\/\/claudinemarichal.be\/wp-content\/uploads\/2019\/11\/L\u00e9ducation-1-300x300.png\" alt=\"\" width=\"300\" height=\"300\" srcset=\"https:\/\/claudinemarichal.be\/wp-content\/uploads\/2019\/11\/L\u00e9ducation-1-300x300.png 300w, https:\/\/claudinemarichal.be\/wp-content\/uploads\/2019\/11\/L\u00e9ducation-1-150x150.png 150w, https:\/\/claudinemarichal.be\/wp-content\/uploads\/2019\/11\/L\u00e9ducation-1-75x75.png 75w, https:\/\/claudinemarichal.be\/wp-content\/uploads\/2019\/11\/L\u00e9ducation-1.png 500w\" sizes=\"auto, (max-width: 300px) 100vw, 300px\" \/><\/a><\/td>\n<\/tr>\n<tr>\n<td style=\"width: 33.3333%;\"><a href=\"https:\/\/claudinemarichal.be\/?p=1056\"><img loading=\"lazy\" decoding=\"async\" class=\"alignnone size-medium wp-image-1551\" src=\"https:\/\/claudinemarichal.be\/wp-content\/uploads\/2019\/11\/Un-peu-de-bon-sens-dans-nos-assiettes-1-300x300.png\" alt=\"\" width=\"300\" height=\"300\" srcset=\"https:\/\/claudinemarichal.be\/wp-content\/uploads\/2019\/11\/Un-peu-de-bon-sens-dans-nos-assiettes-1-300x300.png 300w, https:\/\/claudinemarichal.be\/wp-content\/uploads\/2019\/11\/Un-peu-de-bon-sens-dans-nos-assiettes-1-150x150.png 150w, https:\/\/claudinemarichal.be\/wp-content\/uploads\/2019\/11\/Un-peu-de-bon-sens-dans-nos-assiettes-1-75x75.png 75w, https:\/\/claudinemarichal.be\/wp-content\/uploads\/2019\/11\/Un-peu-de-bon-sens-dans-nos-assiettes-1.png 500w\" sizes=\"auto, (max-width: 300px) 100vw, 300px\" \/><\/a><\/td>\n<td style=\"width: 33.3333%;\"><a href=\"https:\/\/claudinemarichal.be\/?p=1062\"><img loading=\"lazy\" decoding=\"async\" class=\"alignnone size-medium wp-image-1540\" src=\"https:\/\/claudinemarichal.be\/wp-content\/uploads\/2019\/11\/Consid\u00e9rations-sur-largent-la-richesse-1-300x300.png\" alt=\"\" width=\"300\" height=\"300\" srcset=\"https:\/\/claudinemarichal.be\/wp-content\/uploads\/2019\/11\/Consid\u00e9rations-sur-largent-la-richesse-1-300x300.png 300w, https:\/\/claudinemarichal.be\/wp-content\/uploads\/2019\/11\/Consid\u00e9rations-sur-largent-la-richesse-1-150x150.png 150w, https:\/\/claudinemarichal.be\/wp-content\/uploads\/2019\/11\/Consid\u00e9rations-sur-largent-la-richesse-1-75x75.png 75w, https:\/\/claudinemarichal.be\/wp-content\/uploads\/2019\/11\/Consid\u00e9rations-sur-largent-la-richesse-1.png 500w\" sizes=\"auto, (max-width: 300px) 100vw, 300px\" \/><\/a><\/td>\n<td style=\"width: 33.3333%;\">&nbsp;<\/td>\n<\/tr>\n<\/tbody>\n<\/table>\n<p>&nbsp;<\/p>\n<table style=\"border-collapse: collapse; width: 100%;\">\n<tbody>\n<tr>\n<td style=\"width: 33.3333%;\" colspan=\"3\"><span style=\"font-size: 20px;\"><strong>Exp\u00e9riences personnelles<\/strong><\/span><\/td>\n<\/tr>\n<tr>\n<td style=\"width: 33.3333%;\"><a href=\"https:\/\/claudinemarichal.be\/?p=137\"><img loading=\"lazy\" decoding=\"async\" class=\"alignnone size-medium wp-image-1556\" src=\"https:\/\/claudinemarichal.be\/wp-content\/uploads\/2019\/11\/Un-miracle-1-300x300.png\" alt=\"\" width=\"300\" height=\"300\" srcset=\"https:\/\/claudinemarichal.be\/wp-content\/uploads\/2019\/11\/Un-miracle-1-300x300.png 300w, https:\/\/claudinemarichal.be\/wp-content\/uploads\/2019\/11\/Un-miracle-1-150x150.png 150w, https:\/\/claudinemarichal.be\/wp-content\/uploads\/2019\/11\/Un-miracle-1-75x75.png 75w, https:\/\/claudinemarichal.be\/wp-content\/uploads\/2019\/11\/Un-miracle-1.png 500w\" sizes=\"auto, (max-width: 300px) 100vw, 300px\" \/><\/a><\/td>\n<td style=\"width: 33.3333%;\"><a href=\"https:\/\/claudinemarichal.be\/?p=139\"><img loading=\"lazy\" decoding=\"async\" class=\"alignnone size-medium wp-image-1557\" src=\"https:\/\/claudinemarichal.be\/wp-content\/uploads\/2019\/11\/Les-champignons-magiques-1-300x300.png\" alt=\"\" width=\"300\" height=\"300\" srcset=\"https:\/\/claudinemarichal.be\/wp-content\/uploads\/2019\/11\/Les-champignons-magiques-1-300x300.png 300w, https:\/\/claudinemarichal.be\/wp-content\/uploads\/2019\/11\/Les-champignons-magiques-1-150x150.png 150w, https:\/\/claudinemarichal.be\/wp-content\/uploads\/2019\/11\/Les-champignons-magiques-1-75x75.png 75w, https:\/\/claudinemarichal.be\/wp-content\/uploads\/2019\/11\/Les-champignons-magiques-1.png 500w\" sizes=\"auto, (max-width: 300px) 100vw, 300px\" \/><\/a><\/td>\n<td style=\"width: 33.3333%;\"><a href=\"https:\/\/claudinemarichal.be\/?p=5756\"><img loading=\"lazy\" decoding=\"async\" class=\"alignnone size-medium wp-image-5764\" src=\"https:\/\/claudinemarichal.be\/wp-content\/uploads\/2024\/01\/Frissons-300x300.png\" alt=\"\" width=\"300\" height=\"300\" srcset=\"https:\/\/claudinemarichal.be\/wp-content\/uploads\/2024\/01\/Frissons-300x300.png 300w, https:\/\/claudinemarichal.be\/wp-content\/uploads\/2024\/01\/Frissons-150x150.png 150w, https:\/\/claudinemarichal.be\/wp-content\/uploads\/2024\/01\/Frissons-75x75.png 75w, https:\/\/claudinemarichal.be\/wp-content\/uploads\/2024\/01\/Frissons.png 500w\" sizes=\"auto, (max-width: 300px) 100vw, 300px\" \/><\/a><\/td>\n<\/tr>\n<\/tbody>\n<\/table>\n<p>&nbsp;<\/p>\n<p><a href=\"\/\/www.pinterest.com\/pin\/create\/button\/\" data-pin-do=\"buttonBookmark\" data-pin-color=\"red\" data-pin-height=\"128\"><img decoding=\"async\" src=\"\/\/assets.pinterest.com\/images\/pidgets\/pinit_fg_en_rect_red_28.png\" \/><\/a><\/p>","protected":false},"excerpt":{"rendered":"<p>Je partage dans cette rubrique quelques r\u00e9flexions sur le sens de la vie telle que je la comprends, des extraits de livres qui me parlent ainsi que trois exp\u00e9riences que j&rsquo;ai v\u00e9cues. J\u2019ai, comme beaucoup, pris un jour conscience que l\u2019humanit\u00e9 se meurt de peur, d\u2019\u00e9go\u00efsme, d\u2019ignorance et d\u2019endormissement et que je m\u2019\u00e9tais laiss\u00e9e emporter par le courant comme la plupart des \u00eatres humains. M\u00eame si j\u2019ai re\u00e7u une \u00e9ducation catholique qui m\u2019a indubitablement marqu\u00e9e, je n\u2019adh\u00e8re \u00e0 aucun courant religieux, sectaire ou philosophique. Je critique certaines de leurs doctrines et croyances avec virulence mais ne jette pas pour autant le b\u00e9b\u00e9 avec l\u2019eau du bain car j\u2019y puise en m\u00eame temps de nombreux enseignements. &nbsp; Mon essai &lsquo;Le combat de l&rsquo;Amour\u00a0\u00bb, Edition Le Livre de Papier, 215 pages, 10 \u20ac -&gt; https:\/\/www.publier-un-livre.com\/fr\/le-livre-en-papier\/1544-le-combat-de-l-amour &nbsp; R\u00e9flexions personnelles &nbsp; &nbsp; Textes choisis &nbsp; &nbsp; Exp\u00e9riences personnelles &nbsp;<\/p>\n","protected":false},"author":1,"featured_media":1277,"parent":0,"menu_order":6,"comment_status":"closed","ping_status":"closed","template":"","meta":{"ngg_post_thumbnail":0,"footnotes":""},"class_list":["post-7","page","type-page","status-publish","has-post-thumbnail","hentry"],"acf":[],"_links":{"self":[{"href":"https:\/\/claudinemarichal.be\/index.php?rest_route=\/wp\/v2\/pages\/7","targetHints":{"allow":["GET"]}}],"collection":[{"href":"https:\/\/claudinemarichal.be\/index.php?rest_route=\/wp\/v2\/pages"}],"about":[{"href":"https:\/\/claudinemarichal.be\/index.php?rest_route=\/wp\/v2\/types\/page"}],"author":[{"embeddable":true,"href":"https:\/\/claudinemarichal.be\/index.php?rest_route=\/wp\/v2\/users\/1"}],"replies":[{"embeddable":true,"href":"https:\/\/claudinemarichal.be\/index.php?rest_route=%2Fwp%2Fv2%2Fcomments&post=7"}],"version-history":[{"count":23,"href":"https:\/\/claudinemarichal.be\/index.php?rest_route=\/wp\/v2\/pages\/7\/revisions"}],"predecessor-version":[{"id":5766,"href":"https:\/\/claudinemarichal.be\/index.php?rest_route=\/wp\/v2\/pages\/7\/revisions\/5766"}],"wp:featuredmedia":[{"embeddable":true,"href":"https:\/\/claudinemarichal.be\/index.php?rest_route=\/wp\/v2\/media\/1277"}],"wp:attachment":[{"href":"https:\/\/claudinemarichal.be\/index.php?rest_route=%2Fwp%2Fv2%2Fmedia&parent=7"}],"curies":[{"name":"wp","href":"https:\/\/api.w.org\/{rel}","templated":true}]}}