{"id":61,"date":"2019-09-06T19:55:00","date_gmt":"2019-09-06T17:55:00","guid":{"rendered":"http:\/\/127.0.0.1\/?page_id=61"},"modified":"2019-11-21T23:02:06","modified_gmt":"2019-11-21T22:02:06","slug":"reflexions-personnelles","status":"publish","type":"page","link":"https:\/\/claudinemarichal.be\/?page_id=61","title":{"rendered":"R\u00e9flexions personnelles"},"content":{"rendered":"<p>Je partage ici quelques-unes de mes r\u00e9flexions sur certaines \u00e9motions, sur le couple, la famille, le sens de la vie telle que je la comprends. Elles sont le fruit de mon exp\u00e9rience, de mon ressenti et de mes longues discussions avec mon mari, Joaquim.<\/p>\n<p>Bonne lecture !<\/p>\n<p>Mes textes peuvent \u00eatre reproduits \u00e0 condition que la source en soit cit\u00e9e.<\/p>\n<table style=\"border-collapse: collapse; width: 100%;\">\n<tbody>\n<tr>\n<td style=\"width: 33.3333%;\"><a href=\"https:\/\/claudinemarichal.be\/?p=1471\"><img loading=\"lazy\" decoding=\"async\" class=\"alignnone size-medium wp-image-1528\" src=\"https:\/\/claudinemarichal.be\/wp-content\/uploads\/2019\/11\/Eloge-paresse-1-300x300.png\" alt=\"\" width=\"300\" height=\"300\" srcset=\"https:\/\/claudinemarichal.be\/wp-content\/uploads\/2019\/11\/Eloge-paresse-1-300x300.png 300w, https:\/\/claudinemarichal.be\/wp-content\/uploads\/2019\/11\/Eloge-paresse-1-150x150.png 150w, https:\/\/claudinemarichal.be\/wp-content\/uploads\/2019\/11\/Eloge-paresse-1-75x75.png 75w, https:\/\/claudinemarichal.be\/wp-content\/uploads\/2019\/11\/Eloge-paresse-1.png 500w\" sizes=\"auto, (max-width: 300px) 100vw, 300px\" \/><\/a><\/td>\n<td style=\"width: 33.3333%;\"><a href=\"https:\/\/claudinemarichal.be\/?p=185\"><img loading=\"lazy\" decoding=\"async\" class=\"alignnone size-medium wp-image-1535\" src=\"https:\/\/claudinemarichal.be\/wp-content\/uploads\/2019\/11\/Stress-1-300x300.png\" alt=\"\" width=\"300\" height=\"300\" srcset=\"https:\/\/claudinemarichal.be\/wp-content\/uploads\/2019\/11\/Stress-1-300x300.png 300w, https:\/\/claudinemarichal.be\/wp-content\/uploads\/2019\/11\/Stress-1-150x150.png 150w, https:\/\/claudinemarichal.be\/wp-content\/uploads\/2019\/11\/Stress-1-75x75.png 75w, https:\/\/claudinemarichal.be\/wp-content\/uploads\/2019\/11\/Stress-1.png 500w\" sizes=\"auto, (max-width: 300px) 100vw, 300px\" \/><\/a><\/td>\n<td style=\"width: 33.3333%;\"><a href=\"https:\/\/claudinemarichal.be\/?p=191\"><img loading=\"lazy\" decoding=\"async\" class=\"alignnone size-medium wp-image-1530\" src=\"https:\/\/claudinemarichal.be\/wp-content\/uploads\/2019\/11\/La-col\u00e8re-1-300x300.png\" alt=\"\" width=\"300\" height=\"300\" srcset=\"https:\/\/claudinemarichal.be\/wp-content\/uploads\/2019\/11\/La-col\u00e8re-1-300x300.png 300w, https:\/\/claudinemarichal.be\/wp-content\/uploads\/2019\/11\/La-col\u00e8re-1-150x150.png 150w, https:\/\/claudinemarichal.be\/wp-content\/uploads\/2019\/11\/La-col\u00e8re-1-75x75.png 75w, https:\/\/claudinemarichal.be\/wp-content\/uploads\/2019\/11\/La-col\u00e8re-1.png 500w\" sizes=\"auto, (max-width: 300px) 100vw, 300px\" \/><\/a><\/td>\n<\/tr>\n<tr>\n<td style=\"width: 33.3333%;\"><a href=\"https:\/\/claudinemarichal.be\/?p=193\"><img loading=\"lazy\" decoding=\"async\" class=\"alignnone size-medium wp-image-1533\" src=\"https:\/\/claudinemarichal.be\/wp-content\/uploads\/2019\/11\/Lamour-1-300x300.png\" alt=\"\" width=\"300\" height=\"300\" srcset=\"https:\/\/claudinemarichal.be\/wp-content\/uploads\/2019\/11\/Lamour-1-300x300.png 300w, https:\/\/claudinemarichal.be\/wp-content\/uploads\/2019\/11\/Lamour-1-150x150.png 150w, https:\/\/claudinemarichal.be\/wp-content\/uploads\/2019\/11\/Lamour-1-75x75.png 75w, https:\/\/claudinemarichal.be\/wp-content\/uploads\/2019\/11\/Lamour-1.png 500w\" sizes=\"auto, (max-width: 300px) 100vw, 300px\" \/><\/a><\/td>\n<td style=\"width: 33.3333%;\"><a href=\"https:\/\/claudinemarichal.be\/?p=195\"><img loading=\"lazy\" decoding=\"async\" class=\"alignnone size-medium wp-image-1532\" src=\"https:\/\/claudinemarichal.be\/wp-content\/uploads\/2019\/11\/La-sexualit\u00e9-1-300x300.png\" alt=\"\" width=\"300\" height=\"300\" srcset=\"https:\/\/claudinemarichal.be\/wp-content\/uploads\/2019\/11\/La-sexualit\u00e9-1-300x300.png 300w, https:\/\/claudinemarichal.be\/wp-content\/uploads\/2019\/11\/La-sexualit\u00e9-1-150x150.png 150w, https:\/\/claudinemarichal.be\/wp-content\/uploads\/2019\/11\/La-sexualit\u00e9-1-75x75.png 75w, https:\/\/claudinemarichal.be\/wp-content\/uploads\/2019\/11\/La-sexualit\u00e9-1.png 500w\" sizes=\"auto, (max-width: 300px) 100vw, 300px\" \/><\/a><\/td>\n<td style=\"width: 33.3333%;\"><a href=\"https:\/\/claudinemarichal.be\/?p=187\"><img loading=\"lazy\" decoding=\"async\" class=\"alignnone size-medium wp-image-1531\" src=\"https:\/\/claudinemarichal.be\/wp-content\/uploads\/2019\/11\/La-piti\u00e9-300x300.png\" alt=\"\" width=\"300\" height=\"300\" srcset=\"https:\/\/claudinemarichal.be\/wp-content\/uploads\/2019\/11\/La-piti\u00e9-300x300.png 300w, https:\/\/claudinemarichal.be\/wp-content\/uploads\/2019\/11\/La-piti\u00e9-150x150.png 150w, https:\/\/claudinemarichal.be\/wp-content\/uploads\/2019\/11\/La-piti\u00e9-75x75.png 75w, https:\/\/claudinemarichal.be\/wp-content\/uploads\/2019\/11\/La-piti\u00e9.png 500w\" sizes=\"auto, (max-width: 300px) 100vw, 300px\" \/><\/a><\/td>\n<\/tr>\n<tr>\n<td style=\"width: 33.3333%;\"><a href=\"https:\/\/claudinemarichal.be\/?p=189\"><img loading=\"lazy\" decoding=\"async\" class=\"alignnone size-medium wp-image-1529\" src=\"https:\/\/claudinemarichal.be\/wp-content\/uploads\/2019\/11\/\u00catre-victime-1-300x300.png\" alt=\"\" width=\"300\" height=\"300\" srcset=\"https:\/\/claudinemarichal.be\/wp-content\/uploads\/2019\/11\/\u00catre-victime-1-300x300.png 300w, https:\/\/claudinemarichal.be\/wp-content\/uploads\/2019\/11\/\u00catre-victime-1-150x150.png 150w, https:\/\/claudinemarichal.be\/wp-content\/uploads\/2019\/11\/\u00catre-victime-1-75x75.png 75w, https:\/\/claudinemarichal.be\/wp-content\/uploads\/2019\/11\/\u00catre-victime-1.png 500w\" sizes=\"auto, (max-width: 300px) 100vw, 300px\" \/><\/a><\/td>\n<td style=\"width: 33.3333%;\"><a href=\"https:\/\/claudinemarichal.be\/?p=318\"><img loading=\"lazy\" decoding=\"async\" class=\"alignnone size-medium wp-image-1534\" src=\"https:\/\/claudinemarichal.be\/wp-content\/uploads\/2019\/11\/Nous-et-nos-parents-1-300x300.png\" alt=\"\" width=\"300\" height=\"300\" srcset=\"https:\/\/claudinemarichal.be\/wp-content\/uploads\/2019\/11\/Nous-et-nos-parents-1-300x300.png 300w, https:\/\/claudinemarichal.be\/wp-content\/uploads\/2019\/11\/Nous-et-nos-parents-1-150x150.png 150w, https:\/\/claudinemarichal.be\/wp-content\/uploads\/2019\/11\/Nous-et-nos-parents-1-75x75.png 75w, https:\/\/claudinemarichal.be\/wp-content\/uploads\/2019\/11\/Nous-et-nos-parents-1.png 500w\" sizes=\"auto, (max-width: 300px) 100vw, 300px\" \/><\/a><\/td>\n<td style=\"width: 33.3333%;\"><\/td>\n<\/tr>\n<\/tbody>\n<\/table>\n<p><a href=\"\/\/www.pinterest.com\/pin\/create\/button\/\" data-pin-do=\"buttonBookmark\" data-pin-color=\"red\" data-pin-height=\"128\"><img decoding=\"async\" src=\"\/\/assets.pinterest.com\/images\/pidgets\/pinit_fg_en_rect_red_28.png\" \/><\/a><\/p>","protected":false},"excerpt":{"rendered":"<p>Je partage ici quelques-unes de mes r\u00e9flexions sur certaines \u00e9motions, sur le couple, la famille, le sens de la vie telle que je la comprends. Elles sont le fruit de mon exp\u00e9rience, de mon ressenti et de mes longues discussions avec mon mari, Joaquim. Bonne lecture ! Mes textes peuvent \u00eatre reproduits \u00e0 condition que la source en soit cit\u00e9e.<\/p>\n","protected":false},"author":1,"featured_media":0,"parent":7,"menu_order":1,"comment_status":"closed","ping_status":"closed","template":"","meta":{"ngg_post_thumbnail":0,"footnotes":""},"class_list":["post-61","page","type-page","status-publish","hentry"],"acf":[],"_links":{"self":[{"href":"https:\/\/claudinemarichal.be\/index.php?rest_route=\/wp\/v2\/pages\/61","targetHints":{"allow":["GET"]}}],"collection":[{"href":"https:\/\/claudinemarichal.be\/index.php?rest_route=\/wp\/v2\/pages"}],"about":[{"href":"https:\/\/claudinemarichal.be\/index.php?rest_route=\/wp\/v2\/types\/page"}],"author":[{"embeddable":true,"href":"https:\/\/claudinemarichal.be\/index.php?rest_route=\/wp\/v2\/users\/1"}],"replies":[{"embeddable":true,"href":"https:\/\/claudinemarichal.be\/index.php?rest_route=%2Fwp%2Fv2%2Fcomments&post=61"}],"version-history":[{"count":14,"href":"https:\/\/claudinemarichal.be\/index.php?rest_route=\/wp\/v2\/pages\/61\/revisions"}],"predecessor-version":[{"id":1564,"href":"https:\/\/claudinemarichal.be\/index.php?rest_route=\/wp\/v2\/pages\/61\/revisions\/1564"}],"up":[{"embeddable":true,"href":"https:\/\/claudinemarichal.be\/index.php?rest_route=\/wp\/v2\/pages\/7"}],"wp:attachment":[{"href":"https:\/\/claudinemarichal.be\/index.php?rest_route=%2Fwp%2Fv2%2Fmedia&parent=61"}],"curies":[{"name":"wp","href":"https:\/\/api.w.org\/{rel}","templated":true}]}}