{"id":43,"date":"2019-09-06T19:47:47","date_gmt":"2019-09-06T17:47:47","guid":{"rendered":"http:\/\/127.0.0.1\/?page_id=43"},"modified":"2023-12-26T20:11:21","modified_gmt":"2023-12-26T19:11:21","slug":"deco-shabby","status":"publish","type":"page","link":"https:\/\/claudinemarichal.be\/?page_id=43","title":{"rendered":"Mon jardin shabby"},"content":{"rendered":"<p>J&rsquo;adore le shabby ! Vous savez, le zinc, le fer, rouill\u00e9 ou pas, la pierre ou la fausse pierre, les vieux objets en m\u00e9tal ou en bois, vintage, baroques ou art nouveau, les volutes, les spirales, &#8230; alors je bricole, je chine dans les brocantes ou sur le net.<\/p>\n<p><em>Cliquez sur la premi\u00e8re photo pour ouvrir le diaporama et faites d\u00e9filer les photos pour voyager dans mon jardin en cliquant sur la fl\u00e8che \u00e0 droite.<\/em><\/p>\nngg_shortcode_0_placeholder\n<p><a href=\"\/\/www.pinterest.com\/pin\/create\/button\/\" data-pin-do=\"buttonBookmark\" data-pin-color=\"red\" data-pin-height=\"128\"><img decoding=\"async\" src=\"\/\/assets.pinterest.com\/images\/pidgets\/pinit_fg_en_rect_red_28.png\" \/><\/a><\/p>","protected":false},"excerpt":{"rendered":"<p>J&rsquo;adore le shabby ! Vous savez, le zinc, le fer, rouill\u00e9 ou pas, la pierre ou la fausse pierre, les vieux objets en m\u00e9tal ou en bois, vintage, baroques ou art nouveau, les volutes, les spirales, &#8230; alors je bricole, je chine dans les brocantes ou sur le net. Cliquez sur la premi\u00e8re photo pour ouvrir le diaporama et faites d\u00e9filer les photos pour voyager dans mon jardin en cliquant sur la fl\u00e8che \u00e0 droite.<\/p>\n","protected":false},"author":1,"featured_media":0,"parent":2,"menu_order":4,"comment_status":"open","ping_status":"closed","template":"","meta":{"ngg_post_thumbnail":0,"footnotes":""},"class_list":["post-43","page","type-page","status-publish","hentry"],"acf":[],"_links":{"self":[{"href":"https:\/\/claudinemarichal.be\/index.php?rest_route=\/wp\/v2\/pages\/43","targetHints":{"allow":["GET"]}}],"collection":[{"href":"https:\/\/claudinemarichal.be\/index.php?rest_route=\/wp\/v2\/pages"}],"about":[{"href":"https:\/\/claudinemarichal.be\/index.php?rest_route=\/wp\/v2\/types\/page"}],"author":[{"embeddable":true,"href":"https:\/\/claudinemarichal.be\/index.php?rest_route=\/wp\/v2\/users\/1"}],"replies":[{"embeddable":true,"href":"https:\/\/claudinemarichal.be\/index.php?rest_route=%2Fwp%2Fv2%2Fcomments&post=43"}],"version-history":[{"count":24,"href":"https:\/\/claudinemarichal.be\/index.php?rest_route=\/wp\/v2\/pages\/43\/revisions"}],"predecessor-version":[{"id":5749,"href":"https:\/\/claudinemarichal.be\/index.php?rest_route=\/wp\/v2\/pages\/43\/revisions\/5749"}],"up":[{"embeddable":true,"href":"https:\/\/claudinemarichal.be\/index.php?rest_route=\/wp\/v2\/pages\/2"}],"wp:attachment":[{"href":"https:\/\/claudinemarichal.be\/index.php?rest_route=%2Fwp%2Fv2%2Fmedia&parent=43"}],"curies":[{"name":"wp","href":"https:\/\/api.w.org\/{rel}","templated":true}]}}