{"id":2386,"date":"2020-11-05T20:36:10","date_gmt":"2020-11-05T19:36:10","guid":{"rendered":"https:\/\/claudinemarichal.be\/?page_id=2386"},"modified":"2020-11-05T20:37:15","modified_gmt":"2020-11-05T19:37:15","slug":"diy-autres","status":"publish","type":"page","link":"https:\/\/claudinemarichal.be\/?page_id=2386","title":{"rendered":"Diy autres"},"content":{"rendered":"<p>Voici mes cr\u00e9ations en d&rsquo;autres mat\u00e9riaux que le b\u00e9ton et le m\u00e9tal : lampes, treillis en saule, arcade, &#8230;<\/p>\n<p>Il faut retourner dans le menu d\u00e9roulant pour les d\u00e9couvrir.<\/p>\n<p><a href=\"\/\/www.pinterest.com\/pin\/create\/button\/\" data-pin-do=\"buttonBookmark\" data-pin-color=\"red\" data-pin-height=\"128\"><img decoding=\"async\" src=\"\/\/assets.pinterest.com\/images\/pidgets\/pinit_fg_en_rect_red_28.png\" \/><\/a><\/p>","protected":false},"excerpt":{"rendered":"<p>Voici mes cr\u00e9ations en d&rsquo;autres mat\u00e9riaux que le b\u00e9ton et le m\u00e9tal : lampes, treillis en saule, arcade, &#8230; Il faut retourner dans le menu d\u00e9roulant pour les d\u00e9couvrir.<\/p>\n","protected":false},"author":1,"featured_media":0,"parent":2,"menu_order":2,"comment_status":"closed","ping_status":"closed","template":"","meta":{"ngg_post_thumbnail":0,"footnotes":""},"class_list":["post-2386","page","type-page","status-publish","hentry"],"acf":[],"_links":{"self":[{"href":"https:\/\/claudinemarichal.be\/index.php?rest_route=\/wp\/v2\/pages\/2386","targetHints":{"allow":["GET"]}}],"collection":[{"href":"https:\/\/claudinemarichal.be\/index.php?rest_route=\/wp\/v2\/pages"}],"about":[{"href":"https:\/\/claudinemarichal.be\/index.php?rest_route=\/wp\/v2\/types\/page"}],"author":[{"embeddable":true,"href":"https:\/\/claudinemarichal.be\/index.php?rest_route=\/wp\/v2\/users\/1"}],"replies":[{"embeddable":true,"href":"https:\/\/claudinemarichal.be\/index.php?rest_route=%2Fwp%2Fv2%2Fcomments&post=2386"}],"version-history":[{"count":3,"href":"https:\/\/claudinemarichal.be\/index.php?rest_route=\/wp\/v2\/pages\/2386\/revisions"}],"predecessor-version":[{"id":2391,"href":"https:\/\/claudinemarichal.be\/index.php?rest_route=\/wp\/v2\/pages\/2386\/revisions\/2391"}],"up":[{"embeddable":true,"href":"https:\/\/claudinemarichal.be\/index.php?rest_route=\/wp\/v2\/pages\/2"}],"wp:attachment":[{"href":"https:\/\/claudinemarichal.be\/index.php?rest_route=%2Fwp%2Fv2%2Fmedia&parent=2386"}],"curies":[{"name":"wp","href":"https:\/\/api.w.org\/{rel}","templated":true}]}}