{"id":2,"date":"2019-09-02T18:02:14","date_gmt":"2019-09-02T16:02:14","guid":{"rendered":"http:\/\/127.0.0.1\/?page_id=2"},"modified":"2025-12-14T21:53:30","modified_gmt":"2025-12-14T20:53:30","slug":"page-d-exemple","status":"publish","type":"page","link":"https:\/\/claudinemarichal.be\/?page_id=2","title":{"rendered":"R\u00e9alisations"},"content":{"rendered":"<p><span id=\"bassindeau\"><\/span><\/p>\n<div><a href=\"#bassindeau\"><span class=\"menucouleur\">1. Bassin d&rsquo;eau \u25bc<\/span><\/a><\/div>\n<div><a href=\"#beton\"><span class=\"menucouleur\">2. R\u00e9alisations en b\u00e9ton\/ciment \u25bc<\/span><\/a><\/div>\n<div><a href=\"#metal\"><span class=\"menucouleur\">3. R\u00e9alisations en m\u00e9tal \u25bc<\/span><\/a><\/div>\n<div><a href=\"#diversesmatieres\"><span class=\"menucouleur\">4. R\u00e9alisations en diverses mati\u00e8res \u25bc<\/span><\/a><\/div>\n<div><a href=\"#shabby\"><span class=\"menucouleur\">5. Mon jardin shabby \u25bc<\/span><\/a><\/div>\n<div><a href=\"#autres\"><span class=\"menucouleur\">6. Autres r\u00e9alisations \u25bc<\/span><\/a><\/div>\n<div class=\"w3-container w3-padding-large\">\n<p><!-----------------------------------------><\/p>\n<div class=\"w3-row-padding\">\n<div id=\"bassindeau\" class=\"w3-first w3-container w3-margin-bottom\"><span style=\"color: #008080; font-size: 20px;\"><strong>&#8212; BASSIN D&rsquo;EAU &#8212;<\/strong><\/span><\/div>\n<\/div>\n<p><!-----------------------------------------><\/p>\n<div class=\"w3-row-padding\">\n<div class=\"w3-third w3-container w3-margin-bottom\"><a href=\"https:\/\/claudinemarichal.be\/?page_id=160\"><br \/>\n<img decoding=\"async\" class=\"w3-hover-opacity\" style=\"width: 100%;\" src=\"https:\/\/claudinemarichal.be\/wp-content\/uploads\/2019\/09\/Etang-photo-mise-en-avant-768x445.jpg\"><br \/>\n<\/a><\/div>\n<p><span id=\"beton\"><\/span>\n<\/div>\n<p><!-----------------------------------------><\/p>\n<div class=\"w3-row-padding\" style=\"padding-top: 40px;\">\n<div id=\"beton\" class=\"w3-first w3-container w3-margin-bottom\"><span style=\"color: #008080; font-size: 20px;\"><strong>&#8212; REALISATIONS EN BETON\/CIMENT &#8212;<\/strong><\/span><\/div>\n<\/div>\n<p><!-----------------------------------------><\/p>\n<div class=\"w3-row-padding\">\n<div class=\"w3-third w3-container w3-margin-bottom\"><strong>Cascade en b\u00e9ton<\/strong><br \/>\n<a href=\"https:\/\/claudinemarichal.be\/?p=35\"><br \/>\n<img decoding=\"async\" class=\"w3-hover-opacity\" style=\"width: 100%;\" src=\"https:\/\/claudinemarichal.be\/wp-content\/uploads\/2019\/09\/Cascade-768x576.jpg\"><br \/>\n<\/a><\/div>\n<div class=\"w3-third w3-container w3-margin-bottom\"><strong>Vasque \u00e0 volutes<\/strong><br \/>\n<a href=\"https:\/\/claudinemarichal.be\/?p=6528\"><br \/>\n<img decoding=\"async\" class=\"w3-hover-opacity\" style=\"width: 100%;\" src=\"https:\/\/claudinemarichal.be\/wp-content\/uploads\/2024\/08\/VCFR-image-en-avant-2-768x576.jpg\"><br \/>\n<\/a><\/div>\n<div class=\"w3-third w3-container w3-margin-bottom\"><strong>Chat endormi en ciment<\/strong><br \/>\n<a href=\"https:\/\/claudinemarichal.be\/?p=6775\"><br \/>\n<img decoding=\"async\" class=\"w3-hover-opacity\" style=\"width: 100%;\" src=\"https:\/\/claudinemarichal.be\/wp-content\/uploads\/2024\/11\/Chat-image-en-avant-768x432.jpg\"><br \/>\n<\/a><\/div>\n<\/div>\n<p><!-----------------------------------------><\/p>\n<p><!-----------------------------------------><\/p>\n<div class=\"w3-row-padding\">\n<div class=\"w3-third w3-container w3-margin-bottom\"><strong>Ma\u00eetre Shaolin en ciment<\/strong><br \/>\n<a href=\"https:\/\/claudinemarichal.be\/?p=3206\"><br \/>\n<img decoding=\"async\" class=\"w3-hover-opacity\" style=\"width: 100%;\" src=\"https:\/\/claudinemarichal.be\/wp-content\/uploads\/2022\/10\/Maitre-Shaolin-en-ciment-en-avant-768x511.jpg\"><br \/>\n<\/a><\/div>\n<div class=\"w3-third w3-container w3-margin-bottom\"><strong>Boules sur socle<\/strong><br \/>\n<a href=\"https:\/\/claudinemarichal.be\/?p=6264\"><br \/>\n<img decoding=\"async\" class=\"w3-hover-opacity\" style=\"width: 100%;\" src=\"https:\/\/claudinemarichal.be\/wp-content\/uploads\/2024\/05\/Boule-sur-pied-Image-en-avant-768x511.jpg\"><br \/>\n<\/a><\/div>\n<div class=\"w3-third w3-container w3-margin-bottom\"><strong>Fontaine \u00e0 cruche verseuse<\/strong><br \/>\n<a href=\"https:\/\/claudinemarichal.be\/?p=7205\"><br \/>\n<img decoding=\"async\" class=\"w3-hover-opacity\" style=\"width: 100%;\" src=\"https:\/\/claudinemarichal.be\/wp-content\/uploads\/2025\/05\/Cruche-image-en-avant-768x432.jpg\"><br \/>\n<\/a><\/div>\n<\/div>\n<p><!-----------------------------------------><\/p>\n<p><!-----------------------------------------><\/p>\n<div class=\"w3-row-padding\">\n<div class=\"w3-third w3-container w3-margin-bottom\"><strong>D\u00e9co avec des galets<\/strong><br \/>\n<a href=\"https:\/\/claudinemarichal.be\/?p=7575\"><br \/>\n<img decoding=\"async\" class=\"w3-hover-opacity\" style=\"width: 100%;\" src=\"https:\/\/claudinemarichal.be\/wp-content\/uploads\/2025\/11\/Deco-galets-image-en-avant-768x463.jpg\"><br \/>\n<\/a><\/div>\n<div class=\"w3-third w3-container w3-margin-bottom\"><strong>Pas japonais<\/strong><br \/>\n<a href=\"https:\/\/claudinemarichal.be\/?p=7427\"><br \/>\n<img decoding=\"async\" class=\"w3-hover-opacity\" style=\"width: 100%;\" src=\"https:\/\/claudinemarichal.be\/wp-content\/uploads\/2025\/09\/Pas-jap-image-en-avant-768x432.jpg\"><br \/>\n<\/a><\/div>\n<div class=\"w3-third w3-container w3-margin-bottom\"><strong>Abreuvoir pour oiseaux en ciment<\/strong><br \/>\n<a href=\"https:\/\/claudinemarichal.be\/?p=1184\"><br \/>\n<img decoding=\"async\" class=\"w3-hover-opacity\" style=\"width: 100%;\" src=\"https:\/\/claudinemarichal.be\/wp-content\/uploads\/2019\/10\/DSC_1831-768x511.jpg\"><br \/>\n<\/a><\/div>\n<\/div>\n<p><!-----------------------------------------><\/p>\n<p><!-----------------------------------------><\/p>\n<div class=\"w3-row-padding\">\n<div class=\"w3-third w3-container w3-margin-bottom\"><strong>Coupe sur pied<\/strong><br \/>\n<a href=\"https:\/\/claudinemarichal.be\/?p=6328\"><br \/>\n<img decoding=\"async\" class=\"w3-hover-opacity\" style=\"width: 100%;\" src=\"https:\/\/claudinemarichal.be\/wp-content\/uploads\/2024\/05\/Vasque-image-en-avant.jpg\"><br \/>\n<\/a><\/div>\n<div class=\"w3-third w3-container w3-margin-bottom\"><strong>Urne \u00e0 anses<\/strong><br \/>\n<a href=\"https:\/\/claudinemarichal.be\/?p=6617\"><br \/>\n<img decoding=\"async\" class=\"w3-hover-opacity\" style=\"width: 100%;\" src=\"https:\/\/claudinemarichal.be\/wp-content\/uploads\/2024\/09\/Urne-image-en-avant.jpg\"><br \/>\n<\/a><\/div>\n<div class=\"w3-third w3-container w3-margin-bottom\"><strong>Epi de fa\u00eetage en ciment<\/strong><br \/>\n<a href=\"https:\/\/claudinemarichal.be\/?p=7282\"><br \/>\n<img decoding=\"async\" class=\"w3-hover-opacity\" style=\"width: 100%;\" src=\"https:\/\/claudinemarichal.be\/wp-content\/uploads\/2025\/06\/Finnial-image-en-avant.jpg\"><br \/>\n<\/a><\/div>\n<\/div>\n<p><!-----------------------------------------><\/p>\n<p><!-----------------------------------------><\/p>\n<div class=\"w3-row-padding\">\n<div class=\"w3-third w3-container w3-margin-bottom\"><strong>Vase en b\u00e9ton de style ancien<\/strong><br \/>\n<a href=\"https:\/\/claudinemarichal.be\/?p=174\"><br \/>\n<img decoding=\"async\" class=\"w3-hover-opacity\" style=\"width: 100%;\" src=\"https:\/\/claudinemarichal.be\/wp-content\/uploads\/2019\/09\/Photo-de-larticle-1024x681.jpg\"><br \/>\n<\/a><\/div>\n<div class=\"w3-third w3-container w3-margin-bottom\"><strong>Potiron en ciment<\/strong><br \/>\n<a href=\"https:\/\/claudinemarichal.be\/?p=1144\"><br \/>\n<img decoding=\"async\" class=\"w3-hover-opacity\" style=\"width: 100%;\" src=\"https:\/\/claudinemarichal.be\/wp-content\/uploads\/2019\/10\/Potiron09-768x511.jpg\"><br \/>\n<\/a><\/div>\n<div class=\"w3-third w3-container w3-margin-bottom\"><strong>D\u00e9co en ciment<\/strong><br \/>\n<a href=\"https:\/\/claudinemarichal.be\/?p=2371\"><br \/>\n<img decoding=\"async\" class=\"w3-hover-opacity\" style=\"width: 100%;\" src=\"https:\/\/claudinemarichal.be\/wp-content\/uploads\/2020\/10\/DSC_1765-1-1024x681.jpg\"><br \/>\n<\/a><\/div>\n<\/div>\n<p><!-----------------------------------------><\/p>\n<p><!-----------------------------------------><\/p>\n<div class=\"w3-row-padding\">\n<div class=\"w3-third w3-container w3-margin-bottom\"><strong>Petit parasol de table<\/strong><br \/>\n<a href=\"https:\/\/claudinemarichal.be\/?p=4875\"><br \/>\n<img decoding=\"async\" class=\"w3-hover-opacity\" style=\"width: 100%;\" src=\"https:\/\/claudinemarichal.be\/wp-content\/uploads\/2023\/07\/Image-en-avant-parasol-768x511.jpg\"><br \/>\n<\/a><\/div>\n<div class=\"w3-third w3-container w3-margin-bottom\"><strong>Ch\u00e9rubin en ciment<\/strong><br \/>\n<a href=\"https:\/\/claudinemarichal.be\/?p=3424\"><br \/>\n<img decoding=\"async\" class=\"w3-hover-opacity\" style=\"width: 100%;\" src=\"https:\/\/claudinemarichal.be\/wp-content\/uploads\/2022\/12\/Ange-image-en-avant-1-768x511.jpg\"><br \/>\n<\/a><\/div>\n<\/div>\n<p><!-----------------------------------------><\/p>\n<p><!-----------------------------------------><\/p>\n<div class=\"w3-row-padding\">\n<div class=\"w3-third w3-container w3-margin-bottom\"><strong>Couple en ciment<\/strong><br \/>\n<a href=\"https:\/\/claudinemarichal.be\/?p=3291\"><br \/>\n<img decoding=\"async\" class=\"w3-hover-opacity\" style=\"width: 100%;\" src=\"https:\/\/claudinemarichal.be\/wp-content\/uploads\/2022\/10\/couple-image-en-avant.jpg\"><br \/>\n<\/a><\/div>\n<div class=\"w3-third w3-container w3-margin-bottom\"><strong>Arabesques en ciment<\/strong><br \/>\n<a href=\"https:\/\/claudinemarichal.be\/?p=6748\"><br \/>\n<img decoding=\"async\" class=\"w3-hover-opacity\" style=\"width: 100%;\" src=\"https:\/\/claudinemarichal.be\/wp-content\/uploads\/2024\/11\/Arabesque-image-en-avant.jpg\"><br \/>\n<\/a><\/div>\n<\/div>\n<p><!-----------------------------------------><\/p>\n<p><!-----------------------------------------><\/p>\n<div class=\"w3-row-padding\">\n<div class=\"w3-third w3-container w3-margin-bottom\"><strong>Pots et boules en b\u00e9ton<\/strong><br \/>\n<a href=\"https:\/\/claudinemarichal.be\/?p=121\"><br \/>\n<img decoding=\"async\" class=\"w3-hover-opacity\" style=\"width: 100%;\" src=\"https:\/\/claudinemarichal.be\/wp-content\/uploads\/2019\/09\/boules-et-pots-768x511.jpg\"><br \/>\n<\/a><\/div>\n<div class=\"w3-third w3-container w3-margin-bottom\"><strong>Nautilus en ciment<\/strong><br \/>\n<a href=\"https:\/\/claudinemarichal.be\/?p=3121\"><br \/>\n<img decoding=\"async\" class=\"w3-hover-opacity\" style=\"width: 100%;\" src=\"https:\/\/claudinemarichal.be\/wp-content\/uploads\/2022\/05\/Nautilus11-768x511.jpg\"><br \/>\n<\/a><\/div>\n<\/div>\n<p><!-----------------------------------------><\/p>\n<p><!-----------------------------------------><\/p>\n<div class=\"w3-row-padding\">\n<div class=\"w3-third w3-container w3-margin-bottom\"><strong>Chandeliers en ciment<\/strong><br \/>\n<a href=\"https:\/\/claudinemarichal.be\/?p=7323\"><br \/>\n<img decoding=\"async\" class=\"w3-hover-opacity\" style=\"width: 100%;\" src=\"https:\/\/claudinemarichal.be\/wp-content\/uploads\/2025\/06\/bougeoirs-768x684.jpg\"><br \/>\n<\/a><\/div>\n<div class=\"w3-third w3-container\"><strong>Cale-porte en ciment<\/strong><br \/>\n<a href=\"https:\/\/claudinemarichal.be\/?p=2803\"><br \/>\n<img decoding=\"async\" class=\"w3-hover-opacity\" style=\"width: 100%;\" src=\"https:\/\/claudinemarichal.be\/wp-content\/uploads\/2021\/12\/Cale-porte-couverture-768x578.jpg\"><br \/>\n<\/a><\/div>\n<div class=\"w3-third w3-container w3-margin-bottom\"><strong>Photophores en ciment<\/strong><br \/>\n<a href=\"https:\/\/claudinemarichal.be\/?p=1584\"><br \/>\n<img decoding=\"async\" class=\"w3-hover-opacity\" style=\"width: 100%;\" src=\"https:\/\/claudinemarichal.be\/wp-content\/uploads\/2019\/12\/Photophore-ciment-1-768x478.jpg\"><br \/>\n<\/a><\/div>\n<p><span id=\"metal\"><\/span>\n<\/div>\n<p><!-----------------------------------------><\/p>\n<div class=\"w3-row-padding\" style=\"padding-top: 40px;\">\n<div class=\"w3-first w3-container w3-margin-bottom\"><span style=\"color: #008080; font-size: 20px;\"><strong>&#8212; REALISATIONS EN METAL &#8212;<\/strong><\/span><\/div>\n<\/div>\n<p><!-----------------------------------------><\/p>\n<div class=\"w3-row-padding\">\n<div class=\"w3-third w3-container w3-margin-bottom\"><strong>T\u00eate de pavot en fil de fer<\/strong><br \/>\n<a href=\"https:\/\/claudinemarichal.be\/?p=2521\"><br \/>\n<img decoding=\"async\" class=\"w3-hover-opacity\" style=\"width: 100%;\" src=\"https:\/\/claudinemarichal.be\/wp-content\/uploads\/2021\/04\/Pavot-11.jpg\"><br \/>\n<\/a><\/div>\n<div class=\"w3-third w3-container w3-margin-bottom\"><strong>Torche-photophore en fil de fer<\/strong><br \/>\n<a href=\"https:\/\/claudinemarichal.be\/?p=2481\"><br \/>\n<img decoding=\"async\" class=\"w3-hover-opacity\" style=\"width: 100%;\" src=\"https:\/\/claudinemarichal.be\/wp-content\/uploads\/2021\/04\/Fil-de-fer-16-e1617717773987.jpg\"><br \/>\n<\/a><\/div>\n<div class=\"w3-third w3-container\"><strong>Fleur en m\u00e9tal<\/strong><br \/>\n<a href=\"https:\/\/claudinemarichal.be\/?p=2414\"><br \/>\n<img decoding=\"async\" class=\"w3-hover-opacity\" style=\"width: 100%;\" src=\"https:\/\/claudinemarichal.be\/wp-content\/uploads\/2021\/02\/Fleur-metal-7-768x511.jpg\"><br \/>\n<\/a><\/div>\n<\/div>\n<p><!-----------------------------------------><\/p>\n<p><!-----------------------------------------><\/p>\n<div class=\"w3-row-padding\">\n<div class=\"w3-third w3-container w3-margin-bottom\"><strong>D\u00e9corations en m\u00e9tal<\/strong><br \/>\n<a href=\"https:\/\/claudinemarichal.be\/?p=7521\"><br \/>\n<img decoding=\"async\" class=\"w3-hover-opacity\" style=\"width: 100%;\" src=\"https:\/\/claudinemarichal.be\/wp-content\/uploads\/2025\/11\/Papillon04-768x511.jpg\"><br \/>\n<\/a><\/div>\n<div class=\"w3-third w3-container\"><strong>Photophores en m\u00e9tal<\/strong><br \/>\n<a href=\"https:\/\/claudinemarichal.be\/?p=1357\"><br \/>\n<img decoding=\"async\" class=\"w3-hover-opacity\" style=\"width: 100%;\" src=\"https:\/\/claudinemarichal.be\/wp-content\/uploads\/2019\/10\/Photophore09-768x547.jpg\"><br \/>\n<\/a><\/div>\n<div class=\"w3-third w3-container w3-margin-bottom\"><strong>Mangeoire pour oiseaux<\/strong><br \/>\n<a href=\"https:\/\/claudinemarichal.be\/?p=5901\"><br \/>\n<img decoding=\"async\" class=\"w3-hover-opacity\" style=\"width: 100%;\" src=\"https:\/\/claudinemarichal.be\/wp-content\/uploads\/2024\/01\/Mangeoire-image-en-avant-768x511.jpg\"><br \/>\n<\/a><\/div>\n<\/div>\n<p><!-----------------------------------------><\/p>\n<div class=\"w3-row-padding\">\n<div class=\"w3-third w3-container w3-margin-bottom\"><strong>D\u00e9co en m\u00e9tal pour No\u00ebl<\/strong><br \/>\n<a href=\"https:\/\/claudinemarichal.be\/?p=2440\"><br \/>\n<img decoding=\"async\" class=\"w3-hover-opacity\" style=\"width: 100%;\" src=\"https:\/\/claudinemarichal.be\/wp-content\/uploads\/2020\/12\/metal-couronne-5.jpg\"><br \/>\n<\/a><\/div>\n<p><span id=\"diversesmatieres\"><\/span>\n<\/div>\n<p><!-----------------------------------------><\/p>\n<div class=\"w3-row-padding\" style=\"padding-top: 40px;\">\n<div id=\"diversesmatieres\" class=\"w3-first w3-container w3-margin-bottom\"><span style=\"color: #008080; font-size: 20px;\"><strong>&#8212; REALISATIONS EN DIVERSES MATIERES &#8212;<\/strong><\/span><\/div>\n<\/div>\n<p><!-----------------------------------------><\/p>\n<div class=\"w3-row-padding\">\n<div class=\"w3-third w3-container w3-margin-bottom\"><strong>Lanternes \u00e0 faire soi-m\u00eame<\/strong><br \/>\n<a href=\"https:\/\/claudinemarichal.be\/?p=5926\"><br \/>\n<img decoding=\"async\" class=\"w3-hover-opacity\" style=\"width: 100%;\" src=\"https:\/\/claudinemarichal.be\/wp-content\/uploads\/2024\/01\/Lanterne-image-en-avant-768x598.jpg\"><br \/>\n<\/a><\/div>\n<div class=\"w3-third w3-container w3-margin-bottom\"><strong>Miroir boh\u00e8me<\/strong><br \/>\n<a href=\"https:\/\/claudinemarichal.be\/?p=2751\"><br \/>\n<img decoding=\"async\" class=\"w3-hover-opacity\" style=\"width: 100%;\" src=\"https:\/\/claudinemarichal.be\/wp-content\/uploads\/2021\/10\/Miroir11-768x511.jpg\"><br \/>\n<\/a><\/div>\n<div class=\"w3-third w3-container\"><strong>Applique<\/strong><br \/>\n<a href=\"https:\/\/claudinemarichal.be\/?p=1641\"><br \/>\n<img decoding=\"async\" class=\"w3-hover-opacity\" style=\"width: 100%;\" src=\"https:\/\/claudinemarichal.be\/wp-content\/uploads\/2020\/03\/Applique-05-768x550.jpg\"><br \/>\n<\/a><\/div>\n<\/div>\n<p><!-----------------------------------------><\/p>\n<p><!-----------------------------------------><\/p>\n<div class=\"w3-row-padding\">\n<div class=\"w3-third w3-container w3-margin-bottom\"><strong>Vase vintage<\/strong><br \/>\n<a href=\"https:\/\/claudinemarichal.be\/?p=2633\"><br \/>\n<img decoding=\"async\" class=\"w3-hover-opacity\" style=\"width: 100%;\" src=\"https:\/\/claudinemarichal.be\/wp-content\/uploads\/2021\/08\/vase-bleu-08.jpg\"><br \/>\n<\/a><\/div>\n<div class=\"w3-third w3-container w3-margin-bottom\"><strong>Set de table en fil de jute<\/strong><br \/>\n<a href=\"https:\/\/claudinemarichal.be\/?p=2774\"><br \/>\n<img decoding=\"async\" class=\"w3-hover-opacity\" style=\"width: 100%;\" src=\"https:\/\/claudinemarichal.be\/wp-content\/uploads\/2021\/11\/set-de-table-10.jpg\"><br \/>\n<\/a><\/div>\n<div class=\"w3-third w3-container\"><strong>Juju hat en raffia<\/strong><br \/>\n<a href=\"https:\/\/claudinemarichal.be\/?p=3181\"><br \/>\n<img decoding=\"async\" class=\"w3-hover-opacity\" style=\"width: 100%;\" src=\"https:\/\/claudinemarichal.be\/wp-content\/uploads\/2022\/09\/Disque08.jpg\"><br \/>\n<\/a><\/div>\n<\/div>\n<p><!-----------------------------------------><\/p>\n<p><!-----------------------------------------><\/p>\n<div class=\"w3-row-padding\">\n<div class=\"w3-third w3-container w3-margin-bottom\"><strong>Encadrement en bois<\/strong><br \/>\n<a href=\"https:\/\/claudinemarichal.be\/?p=2946\"><br \/>\n<img decoding=\"async\" class=\"w3-hover-opacity\" style=\"width: 100%;\" src=\"https:\/\/claudinemarichal.be\/wp-content\/uploads\/2022\/02\/Encadrement-page-en-avant.jpg\"><br \/>\n<\/a><\/div>\n<div class=\"w3-third w3-container w3-margin-bottom\"><strong>Petit radeau en branches de saule<\/strong><br \/>\n<a href=\"https:\/\/claudinemarichal.be\/?p=2208\"><br \/>\n<img decoding=\"async\" class=\"w3-hover-opacity\" style=\"width: 100%;\" src=\"https:\/\/claudinemarichal.be\/wp-content\/uploads\/2020\/05\/Radeau-09-e1590959785104.jpg\"><br \/>\n<\/a><\/div>\n<p><span id=\"shabby\"><\/span>\n<\/div>\n<p><!-----------------------------------------><\/p>\n<div class=\"w3-row-padding\" style=\"padding-top: 40px;\">\n<div id=\"shabby\" class=\"w3-first w3-container w3-margin-bottom\"><span style=\"color: #008080; font-size: 20px;\"><strong>&#8212; MON JARDIN SHABBY &#8212;<\/strong><\/span><\/div>\n<\/div>\n<p><!-----------------------------------------><\/p>\n<div class=\"w3-row-padding\">\n<div class=\"w3-third w3-container w3-margin-bottom\"><a href=\"https:\/\/claudinemarichal.be\/?page_id=43\"><br \/>\n<img decoding=\"async\" class=\"w3-hover-opacity\" style=\"width: 100%;\" src=\"https:\/\/claudinemarichal.be\/wp-content\/gallery\/mon-jardin-shabby\/shab32.jpg\"><br \/>\n<\/a><\/div>\n<p><span id=\"autres\"><\/span>\n<\/div>\n<p><!-----------------------------------------><\/p>\n<p><!-----------------------------------------><\/p>\n<div class=\"w3-row-padding\" style=\"padding-top: 40px;\">\n<div id=\"autres\" class=\"w3-first w3-container w3-margin-bottom\"><span style=\"color: #008080; font-size: 20px;\"><strong>&#8212; AUTRES REALISATIONS &#8212;<\/strong><\/span><\/div>\n<\/div>\n<p><!-----------------------------------------><\/p>\n<div class=\"w3-row-padding\">\n<div class=\"w3-third w3-container w3-margin-bottom\"><strong>Mes c\u00e9ramiques<\/strong><br \/>\n<a href=\"https:\/\/claudinemarichal.be\/?p=2839\"><br \/>\n<img decoding=\"async\" class=\"w3-hover-opacity\" style=\"width: 100%;\" src=\"https:\/\/claudinemarichal.be\/wp-content\/uploads\/2021\/12\/Poisson-1.jpg\"><br \/>\n<\/a><\/div>\n<div class=\"w3-third w3-container w3-margin-bottom\"><strong>V\u00eatements pour femmes<\/strong><br \/>\n<a href=\"https:\/\/claudinemarichal.be\/?p=1744\"><br \/>\n<img decoding=\"async\" class=\"w3-hover-opacity\" style=\"width: 100%;\" src=\"https:\/\/claudinemarichal.be\/wp-content\/uploads\/2019\/09\/robe05.jpg\"><br \/>\n<\/a><\/div>\n<div class=\"w3-third w3-container w3-margin-bottom\"><strong>V\u00eatements pour enfants<\/strong><br \/>\n<a href=\"https:\/\/claudinemarichal.be\/?p=1383\"><br \/>\n<img decoding=\"async\" class=\"w3-hover-opacity\" style=\"width: 100%;\" src=\"https:\/\/claudinemarichal.be\/wp-content\/uploads\/2019\/10\/Tablier02.jpg\"><br \/>\n<\/a><\/div>\n<\/div>\n<p><!-----------------------------------------><\/p>\n<p><!-----------------------------------------><\/p>\n<div class=\"w3-row-padding\">\n<div class=\"w3-third w3-container w3-margin-bottom\"><strong>Mes peintures et croquis<\/strong><br \/>\n<a href=\"https:\/\/claudinemarichal.be\/?page_id=47\"><br \/>\n<img decoding=\"async\" class=\"w3-hover-opacity\" style=\"width: 100%;\" src=\"https:\/\/claudinemarichal.be\/wp-content\/uploads\/2022\/02\/retour_a_l_innocence.jpg\"><br \/>\n<\/a><\/div>\n<div class=\"w3-third w3-container w3-margin-bottom\"><strong>Po\u00e8mes \u2013 la rime \u00e0 tout prix<\/strong><br \/>\n<a href=\"https:\/\/claudinemarichal.be\/?page_id=49\"><br \/>\n<img decoding=\"async\" class=\"w3-hover-opacity\" style=\"width: 100%;\" src=\"https:\/\/claudinemarichal.be\/wp-content\/uploads\/2019\/09\/couverture-1.jpg\"><br \/>\n<\/a><\/div>\n<div class=\"w3-third w3-container\"><strong>Mes vid\u00e9os<\/strong><br \/>\n<a href=\"https:\/\/claudinemarichal.be\/?page_id=51\"><br \/>\n<img decoding=\"async\" class=\"w3-hover-opacity\" style=\"width: 100%;\" src=\"https:\/\/claudinemarichal.be\/wp-content\/uploads\/2019\/09\/Capture1-768x431.png\"><br \/>\n<\/a><\/div>\n<\/div>\n<p><!-----------------------------------------><\/p>\n<p><!-----------------------------------------><\/p>\n<div class=\"w3-row-padding\">\n<div class=\"w3-third w3-container w3-margin-bottom\"><strong>Cr\u00e8me visage diy<\/strong><br \/>\n<a href=\"https:\/\/claudinemarichal.be\/?p=361\"><br \/>\n<img decoding=\"async\" class=\"w3-hover-opacity\" style=\"width: 100%;\" src=\"https:\/\/claudinemarichal.be\/wp-content\/uploads\/2019\/09\/Cr%C3%A8me-visage-768x511.jpg\"><br \/>\n<\/a><\/div>\n<div class=\"w3-third w3-container\"><strong>D\u00e9odorant diy<\/strong><br \/>\n<a href=\"https:\/\/claudinemarichal.be\/?p=369\"><br \/>\n<img decoding=\"async\" class=\"w3-hover-opacity\" style=\"width: 100%;\" src=\"https:\/\/claudinemarichal.be\/wp-content\/uploads\/2019\/09\/D%C3%A9o-700.jpg\"><br \/>\n<\/a><\/div>\n<\/div>\n<\/div>\n<p><a href=\"\/\/www.pinterest.com\/pin\/create\/button\/\" data-pin-do=\"buttonBookmark\" data-pin-color=\"red\" data-pin-height=\"128\"><img decoding=\"async\" src=\"\/\/assets.pinterest.com\/images\/pidgets\/pinit_fg_en_rect_red_28.png\" \/><\/a><\/p>","protected":false},"excerpt":{"rendered":"<p>1. Bassin d&rsquo;eau \u25bc 2. R\u00e9alisations en b\u00e9ton\/ciment \u25bc 3. R\u00e9alisations en m\u00e9tal \u25bc 4. R\u00e9alisations en diverses mati\u00e8res \u25bc 5. Mon jardin shabby \u25bc 6. Autres r\u00e9alisations \u25bc &#8212; BASSIN D&rsquo;EAU &#8212; &#8212; REALISATIONS EN BETON\/CIMENT &#8212; Cascade en b\u00e9ton Vasque \u00e0 volutes Chat endormi en ciment Ma\u00eetre Shaolin en ciment Boules sur socle Fontaine \u00e0 cruche verseuse D\u00e9co avec des galets Pas japonais Abreuvoir pour oiseaux en ciment Coupe sur pied Urne \u00e0 anses Epi de fa\u00eetage en ciment Vase en b\u00e9ton de style ancien Potiron en ciment D\u00e9co en ciment Petit parasol de table Ch\u00e9rubin en ciment Couple en ciment Arabesques en ciment Pots et boules en b\u00e9ton Nautilus en ciment Chandeliers en ciment Cale-porte en ciment Photophores en ciment &#8212; REALISATIONS EN METAL &#8212; T\u00eate de pavot en fil de fer Torche-photophore en fil de fer Fleur en m\u00e9tal D\u00e9corations en m\u00e9tal Photophores en m\u00e9tal Mangeoire pour oiseaux D\u00e9co en m\u00e9tal pour No\u00ebl &#8212; REALISATIONS EN DIVERSES MATIERES &#8212; Lanternes \u00e0 faire soi-m\u00eame Miroir boh\u00e8me Applique Vase vintage Set de table en fil de jute Juju hat en raffia Encadrement en bois Petit radeau en branches de saule &#8212; MON JARDIN SHABBY &#8212; &#8212; AUTRES REALISATIONS &#8212; Mes c\u00e9ramiques V\u00eatements pour femmes V\u00eatements pour enfants Mes peintures et croquis Po\u00e8mes \u2013 la rime \u00e0 tout prix Mes vid\u00e9os Cr\u00e8me visage diy D\u00e9odorant diy<\/p>\n","protected":false},"author":1,"featured_media":0,"parent":0,"menu_order":2,"comment_status":"closed","ping_status":"open","template":"","meta":{"ngg_post_thumbnail":0,"footnotes":""},"class_list":["post-2","page","type-page","status-publish","hentry"],"acf":[],"_links":{"self":[{"href":"https:\/\/claudinemarichal.be\/index.php?rest_route=\/wp\/v2\/pages\/2","targetHints":{"allow":["GET"]}}],"collection":[{"href":"https:\/\/claudinemarichal.be\/index.php?rest_route=\/wp\/v2\/pages"}],"about":[{"href":"https:\/\/claudinemarichal.be\/index.php?rest_route=\/wp\/v2\/types\/page"}],"author":[{"embeddable":true,"href":"https:\/\/claudinemarichal.be\/index.php?rest_route=\/wp\/v2\/users\/1"}],"replies":[{"embeddable":true,"href":"https:\/\/claudinemarichal.be\/index.php?rest_route=%2Fwp%2Fv2%2Fcomments&post=2"}],"version-history":[{"count":114,"href":"https:\/\/claudinemarichal.be\/index.php?rest_route=\/wp\/v2\/pages\/2\/revisions"}],"predecessor-version":[{"id":8020,"href":"https:\/\/claudinemarichal.be\/index.php?rest_route=\/wp\/v2\/pages\/2\/revisions\/8020"}],"wp:attachment":[{"href":"https:\/\/claudinemarichal.be\/index.php?rest_route=%2Fwp%2Fv2%2Fmedia&parent=2"}],"curies":[{"name":"wp","href":"https:\/\/api.w.org\/{rel}","templated":true}]}}