{"id":160,"date":"2019-09-11T19:54:17","date_gmt":"2019-09-11T17:54:17","guid":{"rendered":"http:\/\/127.0.0.1\/?page_id=160"},"modified":"2024-06-10T11:21:54","modified_gmt":"2024-06-10T09:21:54","slug":"bassin-deau","status":"publish","type":"page","link":"https:\/\/claudinemarichal.be\/?page_id=160","title":{"rendered":"Bassin d&rsquo;eau"},"content":{"rendered":"<p>Voici une petite vid\u00e9o qui explique comment Joaquim a r\u00e9alis\u00e9 notre bassin d&rsquo;eau avec l\u2019aide de quelques amis.<\/p>\n<p>Il mesure 5 m\u00e8tres 70 de long sur 3 m\u00e8tres 50 \u00e0 l&rsquo;endroit le plus large.<\/p>\n<p>Nous avons parfois en Belgique des \u00e9t\u00e9s assez chauds et l\u2019envie de nous rafra\u00eechir. Nous y plongeons volontiers !<\/p>\n<p>Il regorge de grenouilles et de gardons. Ils se nourrissent des s\u00e9diments du bassin, des micro-organismes, des insectes qui voltigent par l\u00e0 et d&rsquo;oeufs de moustiques.<\/p>\n<p>&nbsp;<\/p>\n<p style=\"text-align: center;\"><a href=\"https:\/\/www.youtube.com\/watch?v=-WP2G7lsvuI\" target=\"_blank\" rel=\"noopener\">https:\/\/www.youtube.com\/watch?v=-WP2G7lsvuI<br \/>\n<\/a><a href=\"https:\/\/www.youtube.com\/watch?v=-WP2G7lsvuI\" target=\"_blank\" rel=\"noopener\"><img loading=\"lazy\" decoding=\"async\" class=\"alignnone wp-image-6393 size-full\" src=\"https:\/\/claudinemarichal.be\/wp-content\/uploads\/2024\/06\/Photo-video.jpg\" alt=\"\" width=\"1000\" height=\"570\" srcset=\"https:\/\/claudinemarichal.be\/wp-content\/uploads\/2024\/06\/Photo-video.jpg 1000w, https:\/\/claudinemarichal.be\/wp-content\/uploads\/2024\/06\/Photo-video-300x171.jpg 300w, https:\/\/claudinemarichal.be\/wp-content\/uploads\/2024\/06\/Photo-video-768x438.jpg 768w\" sizes=\"auto, (max-width: 1000px) 100vw, 1000px\" \/><\/a><\/p>\n<p>Une bonne adresse pour les mat\u00e9riaux et les conseils :&nbsp;<a href=\"http:\/\/www.boonaert.be\/\">http:\/\/www.boonaert.be\/<\/a> \u00e0 Mouscron.<\/p>\n<p>Et voil\u00e0 notre bassin en juin 2020.<\/p>\n<p><img loading=\"lazy\" decoding=\"async\" class=\"alignnone wp-image-2243 size-full\" src=\"https:\/\/claudinemarichal.be\/wp-content\/uploads\/2020\/06\/Etang-juin-2020.jpg\" alt=\"\" width=\"1000\" height=\"665\" srcset=\"https:\/\/claudinemarichal.be\/wp-content\/uploads\/2020\/06\/Etang-juin-2020.jpg 1000w, https:\/\/claudinemarichal.be\/wp-content\/uploads\/2020\/06\/Etang-juin-2020-300x200.jpg 300w, https:\/\/claudinemarichal.be\/wp-content\/uploads\/2020\/06\/Etang-juin-2020-768x511.jpg 768w\" sizes=\"auto, (max-width: 1000px) 100vw, 1000px\" \/><\/p>\n<p>Le voici en juin 2021<\/p>\n<p><img loading=\"lazy\" decoding=\"async\" class=\"alignnone wp-image-2604 size-full\" src=\"https:\/\/claudinemarichal.be\/wp-content\/uploads\/2021\/07\/juin-2021.jpg\" alt=\"\" width=\"1000\" height=\"665\" srcset=\"https:\/\/claudinemarichal.be\/wp-content\/uploads\/2021\/07\/juin-2021.jpg 1000w, https:\/\/claudinemarichal.be\/wp-content\/uploads\/2021\/07\/juin-2021-300x200.jpg 300w, https:\/\/claudinemarichal.be\/wp-content\/uploads\/2021\/07\/juin-2021-768x511.jpg 768w\" sizes=\"auto, (max-width: 1000px) 100vw, 1000px\" \/><\/p>\n<p>Le voici en juin 2024<\/p>\n<p><img loading=\"lazy\" decoding=\"async\" class=\"alignnone wp-image-6389 size-full\" src=\"https:\/\/claudinemarichal.be\/wp-content\/uploads\/2024\/06\/Jardin-juin-2024.jpg\" alt=\"\" width=\"1000\" height=\"563\" srcset=\"https:\/\/claudinemarichal.be\/wp-content\/uploads\/2024\/06\/Jardin-juin-2024.jpg 1000w, https:\/\/claudinemarichal.be\/wp-content\/uploads\/2024\/06\/Jardin-juin-2024-300x169.jpg 300w, https:\/\/claudinemarichal.be\/wp-content\/uploads\/2024\/06\/Jardin-juin-2024-768x432.jpg 768w\" sizes=\"auto, (max-width: 1000px) 100vw, 1000px\" \/><\/p>\n<p><a href=\"\/\/www.pinterest.com\/pin\/create\/button\/\" data-pin-do=\"buttonBookmark\" data-pin-color=\"red\" data-pin-height=\"128\"><img decoding=\"async\" src=\"\/\/assets.pinterest.com\/images\/pidgets\/pinit_fg_en_rect_red_28.png\" \/><\/a><\/p>","protected":false},"excerpt":{"rendered":"<p>Voici une petite vid\u00e9o qui explique comment Joaquim a r\u00e9alis\u00e9 notre bassin d&rsquo;eau avec l\u2019aide de quelques amis. Il mesure 5 m\u00e8tres 70 de long sur 3 m\u00e8tres 50 \u00e0 l&rsquo;endroit le plus large. Nous avons parfois en Belgique des \u00e9t\u00e9s assez chauds et l\u2019envie de nous rafra\u00eechir. Nous y plongeons volontiers ! Il regorge de grenouilles et de gardons. Ils se nourrissent des s\u00e9diments du bassin, des micro-organismes, des insectes qui voltigent par l\u00e0 et d&rsquo;oeufs de moustiques. &nbsp; https:\/\/www.youtube.com\/watch?v=-WP2G7lsvuI Une bonne adresse pour les mat\u00e9riaux et les conseils :&nbsp;http:\/\/www.boonaert.be\/ \u00e0 Mouscron. Et voil\u00e0 notre bassin en juin 2020. Le voici en juin 2021 Le voici en juin 2024<\/p>\n","protected":false},"author":1,"featured_media":372,"parent":2,"menu_order":1,"comment_status":"open","ping_status":"closed","template":"","meta":{"ngg_post_thumbnail":0,"footnotes":""},"class_list":["post-160","page","type-page","status-publish","has-post-thumbnail","hentry"],"acf":[],"_links":{"self":[{"href":"https:\/\/claudinemarichal.be\/index.php?rest_route=\/wp\/v2\/pages\/160","targetHints":{"allow":["GET"]}}],"collection":[{"href":"https:\/\/claudinemarichal.be\/index.php?rest_route=\/wp\/v2\/pages"}],"about":[{"href":"https:\/\/claudinemarichal.be\/index.php?rest_route=\/wp\/v2\/types\/page"}],"author":[{"embeddable":true,"href":"https:\/\/claudinemarichal.be\/index.php?rest_route=\/wp\/v2\/users\/1"}],"replies":[{"embeddable":true,"href":"https:\/\/claudinemarichal.be\/index.php?rest_route=%2Fwp%2Fv2%2Fcomments&post=160"}],"version-history":[{"count":25,"href":"https:\/\/claudinemarichal.be\/index.php?rest_route=\/wp\/v2\/pages\/160\/revisions"}],"predecessor-version":[{"id":165,"href":"https:\/\/claudinemarichal.be\/index.php?rest_route=\/wp\/v2\/pages\/160\/revisions\/165"}],"up":[{"embeddable":true,"href":"https:\/\/claudinemarichal.be\/index.php?rest_route=\/wp\/v2\/pages\/2"}],"wp:featuredmedia":[{"embeddable":true,"href":"https:\/\/claudinemarichal.be\/index.php?rest_route=\/wp\/v2\/media\/372"}],"wp:attachment":[{"href":"https:\/\/claudinemarichal.be\/index.php?rest_route=%2Fwp%2Fv2%2Fmedia&parent=160"}],"curies":[{"name":"wp","href":"https:\/\/api.w.org\/{rel}","templated":true}]}}